{"id":2697,"date":"2026-01-21T15:20:01","date_gmt":"2026-01-21T14:20:01","guid":{"rendered":"https:\/\/www.conexsis.com.co\/?page_id=2697"},"modified":"2026-01-26T12:40:33","modified_gmt":"2026-01-26T11:40:33","slug":"estudios-electricos-y-energeticos-del-sin","status":"publish","type":"page","link":"https:\/\/www.conexsis.com.co\/?page_id=2697","title":{"rendered":"Estudios el\u00e9ctricos y energ\u00e9ticos del SIN"},"content":{"rendered":"\t\t<div data-elementor-type=\"wp-page\" data-elementor-id=\"2697\" class=\"elementor elementor-2697\" data-elementor-post-type=\"page\">\n\t\t\t\t<div class=\"elementor-element elementor-element-a200459 e-con-full e-flex e-con e-parent\" data-id=\"a200459\" data-element_type=\"container\" data-settings=\"{&quot;background_background&quot;:&quot;classic&quot;}\">\n\t\t\t\t<div class=\"elementor-element elementor-element-a2dc948 elementor-widget elementor-widget-heading\" data-id=\"a2dc948\" data-element_type=\"widget\" data-widget_type=\"heading.default\">\n\t\t\t\t<div class=\"elementor-widget-container\">\n\t\t\t\t\t<h4 class=\"elementor-heading-title elementor-size-default\">Estudios el\u00e9ctricos y energ\u00e9ticos del SIN<\/h4>\t\t\t\t<\/div>\n\t\t\t\t<\/div>\n\t\t\t\t<\/div>\n\t\t<div class=\"elementor-element elementor-element-f03f256 e-flex e-con-boxed e-con e-parent\" data-id=\"f03f256\" data-element_type=\"container\">\n\t\t\t\t\t<div class=\"e-con-inner\">\n\t\t\t\t<div class=\"elementor-element elementor-element-087710f elementor-widget elementor-widget-text-editor\" data-id=\"087710f\" data-element_type=\"widget\" data-widget_type=\"text-editor.default\">\n\t\t\t\t<div class=\"elementor-widget-container\">\n\t\t\t\t\t\t\t\t\t<p>Desarrollamos estudios el\u00e9ctricos y energ\u00e9ticos del Sistema Interconectado Nacional (SIN) como soporte t\u00e9cnico clave para la toma de decisiones en proyectos de conexi\u00f3n, expansi\u00f3n, operaci\u00f3n y planeaci\u00f3n del sistema el\u00e9ctrico.<\/p><p>Nuestros estudios se elaboran bajo un enfoque integral, riguroso y orientado al riesgo, incorporando criterios t\u00e9cnicos, operativos y regulatorios definidos por la CREG, la UPME, el operador del sistema y los procedimientos del mercado, asegurando resultados consistentes con las condiciones reales de operaci\u00f3n del SIN.<\/p><p>Aplicamos modelos de simulaci\u00f3n el\u00e9ctrica y an\u00e1lisis energ\u00e9tico apoyados en herramientas especializadas utilizadas por el Planeador y Operador del SIN (Digsilent) y en el tratamiento avanzado de datos del sistema, lo que nos permite evaluar escenarios actuales y futuros, identificar restricciones t\u00e9cnicas y anticipar impactos sobre la confiabilidad, la seguridad y la calidad del servicio.<\/p><p>Nuestros estudios permiten:<\/p><ul><li>Evaluar la viabilidad t\u00e9cnica de conexiones de generaci\u00f3n, autogeneraci\u00f3n y cargas.<\/li><li>Analizar capacidad de transporte, niveles de cortocircuito y estabilidad del sistema.<\/li><li>Identificar necesidades de refuerzos, repotenciaciones y nuevos activos.<\/li><li>Soportar decisiones de inversi\u00f3n con criterios t\u00e9cnicos y regulatorios s\u00f3lidos.<\/li><\/ul><p>En CONEXSIS, los estudios el\u00e9ctricos y energ\u00e9ticos no son solo un requisito t\u00e9cnico, sino una herramienta estrat\u00e9gica que integra an\u00e1lisis, datos y experiencia operativa, contribuyendo al desarrollo eficiente, seguro y sostenible del Sistema Interconectado Nacional.<\/p><div id=\"simple-translate\" class=\"simple-translate-system-theme\"><div><div class=\"simple-translate-button isShow\" style=\"background-image: url('chrome-extension:\/\/cllnohpbfenopiakdcjmjcbaeapmkcdl\/icons\/512.png'); height: 22px; width: 22px; top: -9px; left: -15px;\">\u00a0<\/div><div class=\"simple-translate-panel \" style=\"width: 300px; height: 200px; top: 0px; left: 0px; font-size: 13px;\"><div class=\"simple-translate-result-wrapper\" style=\"overflow: hidden;\"><div class=\"simple-translate-move\" draggable=\"true\">\u00a0<\/div><div class=\"simple-translate-result-contents\"><p class=\"simple-translate-candidate\" dir=\"auto\">\u00a0<\/p><\/div><\/div><\/div><\/div><\/div>\t\t\t\t\t\t\t\t<\/div>\n\t\t\t\t<\/div>\n\t\t\t\t\t<\/div>\n\t\t\t\t<\/div>\n\t\t\t\t<\/div>\n\t\t","protected":false},"excerpt":{"rendered":"<p>Estudios el\u00e9ctricos y energ\u00e9ticos del SIN Desarrollamos estudios el\u00e9ctricos y energ\u00e9ticos del Sistema Interconectado Nacional (SIN) como soporte t\u00e9cnico clave para la toma de decisiones en proyectos de conexi\u00f3n, expansi\u00f3n, operaci\u00f3n y planeaci\u00f3n del sistema el\u00e9ctrico. Nuestros estudios se elaboran bajo un enfoque integral, riguroso y orientado al riesgo, incorporando criterios t\u00e9cnicos, operativos y regulatorios [&hellip;]<\/p>\n","protected":false},"author":1,"featured_media":0,"parent":0,"menu_order":0,"comment_status":"closed","ping_status":"closed","template":"","meta":{"site-sidebar-layout":"no-sidebar","site-content-layout":"page-builder","ast-site-content-layout":"full-width-container","site-content-style":"default","site-sidebar-style":"default","ast-global-header-display":"","ast-banner-title-visibility":"","ast-main-header-display":"","ast-hfb-above-header-display":"","ast-hfb-below-header-display":"","ast-hfb-mobile-header-display":"","site-post-title":"disabled","ast-breadcrumbs-content":"","ast-featured-img":"disabled","footer-sml-layout":"","ast-disable-related-posts":"","theme-transparent-header-meta":"","adv-header-id-meta":"","stick-header-meta":"","header-above-stick-meta":"","header-main-stick-meta":"","header-below-stick-meta":"","astra-migrate-meta-layouts":"set","ast-page-background-enabled":"default","ast-page-background-meta":{"desktop":{"background-color":"","background-image":"","background-repeat":"repeat","background-position":"center center","background-size":"auto","background-attachment":"scroll","background-type":"","background-media":"","overlay-type":"","overlay-color":"","overlay-opacity":"","overlay-gradient":""},"tablet":{"background-color":"","background-image":"","background-repeat":"repeat","background-position":"center center","background-size":"auto","background-attachment":"scroll","background-type":"","background-media":"","overlay-type":"","overlay-color":"","overlay-opacity":"","overlay-gradient":""},"mobile":{"background-color":"","background-image":"","background-repeat":"repeat","background-position":"center center","background-size":"auto","background-attachment":"scroll","background-type":"","background-media":"","overlay-type":"","overlay-color":"","overlay-opacity":"","overlay-gradient":""}},"ast-content-background-meta":{"desktop":{"background-color":"var(--ast-global-color-5)","background-image":"","background-repeat":"repeat","background-position":"center center","background-size":"auto","background-attachment":"scroll","background-type":"","background-media":"","overlay-type":"","overlay-color":"","overlay-opacity":"","overlay-gradient":""},"tablet":{"background-color":"var(--ast-global-color-5)","background-image":"","background-repeat":"repeat","background-position":"center center","background-size":"auto","background-attachment":"scroll","background-type":"","background-media":"","overlay-type":"","overlay-color":"","overlay-opacity":"","overlay-gradient":""},"mobile":{"background-color":"var(--ast-global-color-5)","background-image":"","background-repeat":"repeat","background-position":"center center","background-size":"auto","background-attachment":"scroll","background-type":"","background-media":"","overlay-type":"","overlay-color":"","overlay-opacity":"","overlay-gradient":""}},"footnotes":""},"class_list":["post-2697","page","type-page","status-publish","hentry"],"_links":{"self":[{"href":"https:\/\/www.conexsis.com.co\/index.php?rest_route=\/wp\/v2\/pages\/2697","targetHints":{"allow":["GET"]}}],"collection":[{"href":"https:\/\/www.conexsis.com.co\/index.php?rest_route=\/wp\/v2\/pages"}],"about":[{"href":"https:\/\/www.conexsis.com.co\/index.php?rest_route=\/wp\/v2\/types\/page"}],"author":[{"embeddable":true,"href":"https:\/\/www.conexsis.com.co\/index.php?rest_route=\/wp\/v2\/users\/1"}],"replies":[{"embeddable":true,"href":"https:\/\/www.conexsis.com.co\/index.php?rest_route=%2Fwp%2Fv2%2Fcomments&post=2697"}],"version-history":[{"count":28,"href":"https:\/\/www.conexsis.com.co\/index.php?rest_route=\/wp\/v2\/pages\/2697\/revisions"}],"predecessor-version":[{"id":3865,"href":"https:\/\/www.conexsis.com.co\/index.php?rest_route=\/wp\/v2\/pages\/2697\/revisions\/3865"}],"wp:attachment":[{"href":"https:\/\/www.conexsis.com.co\/index.php?rest_route=%2Fwp%2Fv2%2Fmedia&parent=2697"}],"curies":[{"name":"wp","href":"https:\/\/api.w.org\/{rel}","templated":true}]}}